{"id":984,"date":"2013-09-11T11:38:30","date_gmt":"2013-09-11T09:38:30","guid":{"rendered":"http:\/\/topinmaatilamyymala.fi\/?page_id=984"},"modified":"2023-05-30T08:50:43","modified_gmt":"2023-05-30T06:50:43","slug":"topin-halli","status":"publish","type":"page","link":"http:\/\/topinmaatilamyymala.fi\/?page_id=984","title":{"rendered":"TOPIN HALLI"},"content":{"rendered":"<p><strong>TOPIN HALLI KUOPION KAUPPAHALLISSA<\/strong><\/p>\n<p>Topin Halli on luomuun ja l\u00e4hiruokaan erikoistunut kauppa Kuopion kauppahallissa, josta l\u00f6yd\u00e4t laadukkaita valikoimamme parhaita ja suosituimpia tuotteita. Mit\u00e4 kauppahallin kaupasta ei l\u00f6yd\u00e4, niin sen tilaamme asiakkaalle tuotteen kuuluessa Topin Maatilamyym\u00e4l\u00e4n valikoimaan. Yhteishankinnat Muuruveden ja Kuopion kaupalle mahdollistavat nopeat toimitukset, mik\u00e4li tilattavan tuotteen saatavuudessa ei ole esteit\u00e4.<\/p>\n<p>Kannattaa tulla tutustumaan Topin Halliin! Astu sis\u00e4\u00e4n kauppaan rohkeasti.<\/p>\n<p><strong>AUKIOLOAJAT<\/strong><\/p>\n<p>Topin Halli palvelee: MA-TO 10-16.30, PE 10-17, LA 10-14<\/p>\n<p>Topin Hallin yhteystiedot:<\/p>\n<p>Puh. 050 5366 278<\/p>\n<p>info@topinmaatilamyymala.fi<\/p>\n","protected":false},"excerpt":{"rendered":"<p>TOPIN HALLI KUOPION KAUPPAHALLISSA Topin Halli on luomuun ja l\u00e4hiruokaan erikoistunut kauppa Kuopion kauppahallissa, josta l\u00f6yd\u00e4t laadukkaita valikoimamme parhaita ja suosituimpia tuotteita. Mit\u00e4 kauppahallin kaupasta ei l\u00f6yd\u00e4, niin sen tilaamme asiakkaalle tuotteen kuuluessa Topin Maatilamyym\u00e4l\u00e4n valikoimaan. Yhteishankinnat Muuruveden ja Kuopion &hellip; <a href=\"http:\/\/topinmaatilamyymala.fi\/?page_id=984\">Lue loppuun <span class=\"meta-nav\">&rarr;<\/span><\/a><\/p>\n","protected":false},"author":2,"featured_media":0,"parent":0,"menu_order":1,"comment_status":"closed","ping_status":"closed","template":"sidebar-page.php","meta":{"footnotes":""},"class_list":["post-984","page","type-page","status-publish","hentry"],"_links":{"self":[{"href":"http:\/\/topinmaatilamyymala.fi\/index.php?rest_route=\/wp\/v2\/pages\/984","targetHints":{"allow":["GET"]}}],"collection":[{"href":"http:\/\/topinmaatilamyymala.fi\/index.php?rest_route=\/wp\/v2\/pages"}],"about":[{"href":"http:\/\/topinmaatilamyymala.fi\/index.php?rest_route=\/wp\/v2\/types\/page"}],"author":[{"embeddable":true,"href":"http:\/\/topinmaatilamyymala.fi\/index.php?rest_route=\/wp\/v2\/users\/2"}],"replies":[{"embeddable":true,"href":"http:\/\/topinmaatilamyymala.fi\/index.php?rest_route=%2Fwp%2Fv2%2Fcomments&post=984"}],"version-history":[{"count":13,"href":"http:\/\/topinmaatilamyymala.fi\/index.php?rest_route=\/wp\/v2\/pages\/984\/revisions"}],"predecessor-version":[{"id":1250,"href":"http:\/\/topinmaatilamyymala.fi\/index.php?rest_route=\/wp\/v2\/pages\/984\/revisions\/1250"}],"wp:attachment":[{"href":"http:\/\/topinmaatilamyymala.fi\/index.php?rest_route=%2Fwp%2Fv2%2Fmedia&parent=984"}],"curies":[{"name":"wp","href":"https:\/\/api.w.org\/{rel}","templated":true}]}}