{"id":83,"date":"2012-03-07T16:09:00","date_gmt":"2012-03-07T14:09:00","guid":{"rendered":"http:\/\/topinmaatilamyymala.fi\/\/?page_id=83"},"modified":"2018-09-05T10:57:08","modified_gmt":"2018-09-05T08:57:08","slug":"nahtavyydet","status":"publish","type":"page","link":"http:\/\/topinmaatilamyymala.fi\/?page_id=83","title":{"rendered":"N\u00e4ht\u00e4vyydet ja k\u00e4yntikohteet"},"content":{"rendered":"<p><strong>L\u00c4HIALUEEN N\u00c4HT\u00c4VYYKSI\u00c4 JA K\u00c4YNTIKOHTEITA<\/strong><\/p>\n<ul>\n<li><strong>Juankosken n\u00e4ht\u00e4vyydet <\/strong>l\u00f6yd\u00e4t klikkaamalla t\u00e4st\u00e4 <strong><a href=\"http:\/\/www.juankoski.fi\/nahtavyydet\">linkist\u00e4<\/a><\/strong>.<\/li>\n<\/ul>\n<ul>\n<li><strong>Pohjois-Savon<\/strong> kuntien matkailutarjontaa l\u00f6yd\u00e4t klikkaamalla t\u00e4st\u00e4 <strong>\u00a0\u00a0 KuopioTahko<\/strong> <strong><a href=\"https:\/\/www.kuopiotahko.fi\/tekemiset\/\">linkist\u00e4<\/a>.<\/strong><\/li>\n<\/ul>\n<p><strong>LUONTORETKIKOHTEITA<\/strong><\/p>\n<p><strong>J\u00e4rviluonto on Muuruveden helmi<\/strong> &#8211; tervetuloa <strong>veneilem\u00e4\u00e4n ja melomaan<\/strong> <strong>Tahkon vesireitille tai uimaan Muuruvedelle.<\/strong> Virallisia <strong>uimarantoja<\/strong> Muuruvedelt\u00e4 ja Juankoskelta l\u00f6yd\u00e4t klikkaamalla t\u00e4st\u00e4 <strong><a href=\"http:\/\/www.juankoski.fi\/wp-content\/uploads\/2018\/07\/Muuruveden_palvkfin_2018-1.pdf\">linkist\u00e4<\/a><\/strong>.<\/p>\n<p><strong>Kun mets\u00e4\u00e4n tekevi mieli&#8230;<\/strong><\/p>\n<p>Luonnon rauhaan ja mets\u00e4n el\u00e4m\u00e4\u00e4n voi tutustua <strong>luonnonsuojelualueilla<\/strong>\u00a0<a href=\"http:\/\/www.luontoon.fi\/retkikohteet\/muutsuojelualueet\/pisa\/Sivut\/Default.aspx\"><strong>Pisalla<\/strong><\/a>, mik\u00e4 sijaitsee Juankosken pohjoisosassa ja <a href=\"http:\/\/www.luontoon.fi\/telkkamaenperinnetila\"><strong>Telkk\u00e4m\u00e4ki<\/strong><\/a> sijaitsee Kaavilla, aivan Juankosken rajalla.<\/p>\n<p>L\u00e4hialueelta Tuusniemell\u00e4 sijaitsee <a href=\"https:\/\/www.tuusniemi.fi\/fi\/retkeilyreitistot\"><strong>Sein\u00e4vuoren Rotkolaakso<\/strong><\/a>, miss\u00e4 on n. 2,5 km luontopolku.<\/p>\n<p>&nbsp;<\/p>\n<p>&nbsp;<\/p>\n<p>&nbsp;<\/p>\n<p>&nbsp;<\/p>\n<p>&nbsp;<\/p>\n<p>&nbsp;<\/p>\n<p>&nbsp;<\/p>\n<p>&nbsp;<\/p>\n","protected":false},"excerpt":{"rendered":"<p>L\u00c4HIALUEEN N\u00c4HT\u00c4VYYKSI\u00c4 JA K\u00c4YNTIKOHTEITA Juankosken n\u00e4ht\u00e4vyydet l\u00f6yd\u00e4t klikkaamalla t\u00e4st\u00e4 linkist\u00e4. Pohjois-Savon kuntien matkailutarjontaa l\u00f6yd\u00e4t klikkaamalla t\u00e4st\u00e4 \u00a0\u00a0 KuopioTahko linkist\u00e4. LUONTORETKIKOHTEITA J\u00e4rviluonto on Muuruveden helmi &#8211; tervetuloa veneilem\u00e4\u00e4n ja melomaan Tahkon vesireitille tai uimaan Muuruvedelle. Virallisia uimarantoja Muuruvedelt\u00e4 ja Juankoskelta l\u00f6yd\u00e4t &hellip; <a href=\"http:\/\/topinmaatilamyymala.fi\/?page_id=83\">Lue loppuun <span class=\"meta-nav\">&rarr;<\/span><\/a><\/p>\n","protected":false},"author":2,"featured_media":0,"parent":77,"menu_order":3,"comment_status":"closed","ping_status":"closed","template":"sidebar-page.php","meta":{"footnotes":""},"class_list":["post-83","page","type-page","status-publish","hentry"],"_links":{"self":[{"href":"http:\/\/topinmaatilamyymala.fi\/index.php?rest_route=\/wp\/v2\/pages\/83","targetHints":{"allow":["GET"]}}],"collection":[{"href":"http:\/\/topinmaatilamyymala.fi\/index.php?rest_route=\/wp\/v2\/pages"}],"about":[{"href":"http:\/\/topinmaatilamyymala.fi\/index.php?rest_route=\/wp\/v2\/types\/page"}],"author":[{"embeddable":true,"href":"http:\/\/topinmaatilamyymala.fi\/index.php?rest_route=\/wp\/v2\/users\/2"}],"replies":[{"embeddable":true,"href":"http:\/\/topinmaatilamyymala.fi\/index.php?rest_route=%2Fwp%2Fv2%2Fcomments&post=83"}],"version-history":[{"count":38,"href":"http:\/\/topinmaatilamyymala.fi\/index.php?rest_route=\/wp\/v2\/pages\/83\/revisions"}],"predecessor-version":[{"id":1197,"href":"http:\/\/topinmaatilamyymala.fi\/index.php?rest_route=\/wp\/v2\/pages\/83\/revisions\/1197"}],"up":[{"embeddable":true,"href":"http:\/\/topinmaatilamyymala.fi\/index.php?rest_route=\/wp\/v2\/pages\/77"}],"wp:attachment":[{"href":"http:\/\/topinmaatilamyymala.fi\/index.php?rest_route=%2Fwp%2Fv2%2Fmedia&parent=83"}],"curies":[{"name":"wp","href":"https:\/\/api.w.org\/{rel}","templated":true}]}}