{"id":77,"date":"2012-03-07T16:07:44","date_gmt":"2012-03-07T14:07:44","guid":{"rendered":"http:\/\/topinmaatilamyymala.fi\/\/?page_id=77"},"modified":"2015-01-08T20:52:42","modified_gmt":"2015-01-08T18:52:42","slug":"matkailijat","status":"publish","type":"page","link":"http:\/\/topinmaatilamyymala.fi\/?page_id=77","title":{"rendered":"RYHM\u00c4T JA MATKAILU"},"content":{"rendered":"<p><strong>TERVETULOA\u00a0 KAHVILLE JA OSTOSRETKELLE TOPIN MAATILAMYYM\u00c4L\u00c4\u00c4N!<\/strong><\/p>\n<p>Olemme ottaneet vastaan lukuisia ryhmi\u00e4 sek\u00e4 Suomesta ett\u00e4 ulkomailta. Topin Maatilamyym\u00e4l\u00e4ss\u00e4 vierailee mm. erilaisia p\u00e4iv\u00e4retki- ja matkailuryhmi\u00e4, ammatti- ja opintomatkalaisia sek\u00e4 ty\u00f6hyvinvointiryhmi\u00e4.<\/p>\n<p>JOS HALUATTE YRITYKSEN ESITTELYN KAHVITUKSELLA, NIIN <em>VARATKAA AIKAA VIERAILUUN V\u00c4HINT\u00c4\u00c4N TUNTI<\/em>. My\u00f6s ostosaikaa on hyv\u00e4 varata.<\/p>\n<p><strong>TILAA SOPIVA RETKIPAKETTI OMALLE RYHM\u00c4LLESI<br \/>\n<\/strong><\/p>\n<p><strong>Pyyd\u00e4mme, ett\u00e4 olette ennen tuloanne yhteydess\u00e4 meihin<\/strong>,\u00a0niin kaikki onnistuu matkanne j\u00e4rjestelyiss\u00e4 paremmin, jos haluatte:<\/p>\n<ul>\n<li>saada myym\u00e4l\u00e4n <strong>esittelyn<\/strong><\/li>\n<li>ostaa myym\u00e4l\u00e4n <strong>kahvilasta luomukahvit<\/strong><\/li>\n<li>ostaa sit\u00e4 maukasta aitoa <strong>Topin luomuruisleip\u00e4\u00e4<\/strong><\/li>\n<li>ostaa ennakkotilauksesta<strong> v\u00e4lipalaev\u00e4it\u00e4<\/strong> kuten luomu pillimehua, limonaadeja, hedelmi\u00e4, keksej\u00e4 ja makeisia bussiin retkiev\u00e4\u00e4ksi mukaan<\/li>\n<\/ul>\n<p><strong>Kysy lis\u00e4\u00e4 ja pyyd\u00e4 tarjous! Palvelemme mielell\u00e4mme.<br \/>\n<\/strong><\/p>\n<p>Topin Maatilamyym\u00e4l\u00e4 asiakaspalvelu ja myynti:<\/p>\n<p>Puh. 050 5366 278 Niina Laitinen<\/p>\n<p>info(at)topinmaatilamyymala.fi<\/p>\n","protected":false},"excerpt":{"rendered":"<p>TERVETULOA\u00a0 KAHVILLE JA OSTOSRETKELLE TOPIN MAATILAMYYM\u00c4L\u00c4\u00c4N! Olemme ottaneet vastaan lukuisia ryhmi\u00e4 sek\u00e4 Suomesta ett\u00e4 ulkomailta. Topin Maatilamyym\u00e4l\u00e4ss\u00e4 vierailee mm. erilaisia p\u00e4iv\u00e4retki- ja matkailuryhmi\u00e4, ammatti- ja opintomatkalaisia sek\u00e4 ty\u00f6hyvinvointiryhmi\u00e4. JOS HALUATTE YRITYKSEN ESITTELYN KAHVITUKSELLA, NIIN VARATKAA AIKAA VIERAILUUN V\u00c4HINT\u00c4\u00c4N TUNTI. My\u00f6s &hellip; <a href=\"http:\/\/topinmaatilamyymala.fi\/?page_id=77\">Lue loppuun <span class=\"meta-nav\">&rarr;<\/span><\/a><\/p>\n","protected":false},"author":2,"featured_media":0,"parent":0,"menu_order":5,"comment_status":"closed","ping_status":"closed","template":"sidebar-page.php","meta":{"footnotes":""},"class_list":["post-77","page","type-page","status-publish","hentry"],"_links":{"self":[{"href":"http:\/\/topinmaatilamyymala.fi\/index.php?rest_route=\/wp\/v2\/pages\/77","targetHints":{"allow":["GET"]}}],"collection":[{"href":"http:\/\/topinmaatilamyymala.fi\/index.php?rest_route=\/wp\/v2\/pages"}],"about":[{"href":"http:\/\/topinmaatilamyymala.fi\/index.php?rest_route=\/wp\/v2\/types\/page"}],"author":[{"embeddable":true,"href":"http:\/\/topinmaatilamyymala.fi\/index.php?rest_route=\/wp\/v2\/users\/2"}],"replies":[{"embeddable":true,"href":"http:\/\/topinmaatilamyymala.fi\/index.php?rest_route=%2Fwp%2Fv2%2Fcomments&post=77"}],"version-history":[{"count":26,"href":"http:\/\/topinmaatilamyymala.fi\/index.php?rest_route=\/wp\/v2\/pages\/77\/revisions"}],"predecessor-version":[{"id":1131,"href":"http:\/\/topinmaatilamyymala.fi\/index.php?rest_route=\/wp\/v2\/pages\/77\/revisions\/1131"}],"wp:attachment":[{"href":"http:\/\/topinmaatilamyymala.fi\/index.php?rest_route=%2Fwp%2Fv2%2Fmedia&parent=77"}],"curies":[{"name":"wp","href":"https:\/\/api.w.org\/{rel}","templated":true}]}}