{"id":722,"date":"2012-05-21T20:35:12","date_gmt":"2012-05-21T18:35:12","guid":{"rendered":"http:\/\/topinmaatilamyymala.fi\/?page_id=722"},"modified":"2022-06-24T15:22:14","modified_gmt":"2022-06-24T13:22:14","slug":"veneily-kalastus-ja-vesiluontomatkailu","status":"publish","type":"page","link":"http:\/\/topinmaatilamyymala.fi\/?page_id=722","title":{"rendered":"Veneily, kalastus ja vesiluontomatkailu"},"content":{"rendered":"<p><strong>TERVETULOA VENEELL\u00c4, LAIVALLA, KAJAKILLA TAI KANOOTILLA MUURUVEDELLE!<\/strong><\/p>\n<p><strong>J\u00e4rviluonto on Muuruveden helmi<\/strong> \u2013 tervetuloa veneilem\u00e4\u00e4n ja melomaan Tahkon vesireitille ja uimaan Muuruvedelle.<\/p>\n<p><strong>Tahkon vesireitin k\u00e4yntikohteet<\/strong> l\u00f6yd\u00e4t klikkaamalla t\u00e4st\u00e4 <strong><a href=\"http:\/\/www.tahkonvesireitti.com\/pages\/kaeyntikohteet.php\">linkist\u00e4<\/a>.<\/strong><\/p>\n<p><strong>Muuruvesi on sopivasti Kuopion ja Tahkon puoliv\u00e4liss\u00e4 Tahkon vesireitin mielenkiintoisena v\u00e4lietappina.<\/strong> Muuruvedelt\u00e4 l\u00f6ytyy varsin hyv\u00e4t maaseututaajaman palvelut seudulla matkaileville: kaksi ruokakauppaa: Topin Maatilamyym\u00e4l\u00e4 ja Pienen Traktorin Puoti, kahviloita, kampaamo, hieroja, Huoneistohotelli Teekki, m\u00f6kkimajoitusta, kotiseutumuseo ja kaunis kirkko.<\/p>\n<p><strong>TOPIN MAATILAMYYM\u00c4L\u00c4N OMA VIERASVENELAITURI<\/strong><\/p>\n<p>Topin Maatilamyym\u00e4l\u00e4ll\u00e4 on <strong>oma vierasvenelaituri<\/strong> aisapaikoilla Tahkon vesireitill\u00e4 Muuruvedell\u00e4 Heikkil\u00e4nlahdella n. 500 metrin k\u00e4velymatkan p\u00e4\u00e4ss\u00e4 Topin Maatilamyym\u00e4l\u00e4n myym\u00e4l\u00e4st\u00e4 ja kahvilasta. Myym\u00e4l\u00e4ss\u00e4 on naisten ja miesten asiakas wc:t. Laiturin p\u00e4\u00e4dyss\u00e4 on vierailijoille vapaa kylkipaikka p\u00e4iv\u00e4k\u00e4ytt\u00f6\u00f6n.<\/p>\n<p>Vierasvenelaiturissa on <strong>Topin Maatilamyym\u00e4l\u00e4ss\u00e4 k\u00e4yville veneilij\u00f6ille p\u00e4iv\u00e4vierailuun vapaita vieraspaikkoja<\/strong> <strong>VIERAS kyltteill\u00e4 merkityill\u00e4 venepaikoilla<\/strong>. <strong>VARATTU kyltteill\u00e4 merkityt venepaikat ovat yksityisi\u00e4 vuokrattuja venepaikkoja.<\/strong><\/p>\n<p><strong>KALASTUS MUURUVEDELL\u00c4<\/strong><\/p>\n<p>Muuruvesi kuuluu Juurusveden kalastusalueeseen.<\/p>\n<p><strong><strong>Juurusveden kalastusalueelle<\/strong> voit ostaa viikon tai vuoden viehekalastuslupia netist\u00e4 <a href=\"http:\/\/kalastusluvat.kalapaikka.net\/osta-kalastuslupa\/viehekalastusmaksu-ita-suomen-laani-2014\/\">t\u00e4\u00e4lt\u00e4<\/a>. <\/strong><\/p>\n<p><strong><a href=\"http:\/\/www.kalapaikka.net\/juurusveden-kalastusaluelupa_jarvi-kalastus_ja_lomamokki_tiedot_pohjois-savo_kuopio___3342.asp\">Kalapaikka.net sivuilta<\/a> l\u00f6yd\u00e4t muutakin tarpeellista tietoa liittyen kalastamiseen. <\/strong><\/p>\n<p><strong><strong>Topin Maatilamyym\u00e4l\u00e4 ei myy viehekalastuslupia Juurusveden kalastusalueelle.<\/strong><br \/>\n<\/strong><\/p>\n<p>Huomioitavaa on, ett\u00e4 <strong>Muuruvedell\u00e4 Heikkil\u00e4nlahdella ja Kurikkalahdella kalastus on kielletty tilamme Alatalon vesialueella. My\u00f6s mets\u00e4stys on kielletty\u00a0<strong>Muuruvedell\u00e4 Heikkil\u00e4nlahdella ja Kurikkalahdella<\/strong>.<\/strong><\/p>\n<p>Roskat on kuljetettava vesialueelta pois hyvien veneilytapojen mukaisesti.<\/p>\n<p><strong>LINTUJEN PESINT\u00c4RAUHA HUOMIOITAVA<\/strong><\/p>\n<p>Muuruvesi on j\u00e4rviluonnon helmi, jossa voi seurata mm. monien mielenkiintoisten vesilintujen el\u00e4m\u00e4\u00e4.<\/p>\n<p>Lintujen pesi\u00e4 ei saa h\u00e4irit\u00e4 eik\u00e4 rikkoa pesint\u00e4aikaan ja on hyv\u00e4 v\u00e4ltt\u00e4\u00e4 liikkumista t\u00e4rkeiden pesimispaikkojen l\u00e4heisyydess\u00e4. Jos lintuemo karkotetaan pes\u00e4lt\u00e4\u00e4n tai poikasten l\u00e4heisyydest\u00e4, hautominen keskeytyy ja pesint\u00e4 voi sen vuoksi ep\u00e4onnistua tai muut linnut tuhoavat nopeasti pes\u00e4ss\u00e4 olevat munat tai rannoilla suojatta odottavat poikaset.<\/p>\n<p><strong>Pidet\u00e4\u00e4n huoli yhteisest\u00e4 ymp\u00e4rist\u00f6st\u00e4mme! Luonto kiitt\u00e4\u00e4.<\/strong><\/p>\n","protected":false},"excerpt":{"rendered":"<p>TERVETULOA VENEELL\u00c4, LAIVALLA, KAJAKILLA TAI KANOOTILLA MUURUVEDELLE! J\u00e4rviluonto on Muuruveden helmi \u2013 tervetuloa veneilem\u00e4\u00e4n ja melomaan Tahkon vesireitille ja uimaan Muuruvedelle. Tahkon vesireitin k\u00e4yntikohteet l\u00f6yd\u00e4t klikkaamalla t\u00e4st\u00e4 linkist\u00e4. Muuruvesi on sopivasti Kuopion ja Tahkon puoliv\u00e4liss\u00e4 Tahkon vesireitin mielenkiintoisena v\u00e4lietappina. Muuruvedelt\u00e4 &hellip; <a href=\"http:\/\/topinmaatilamyymala.fi\/?page_id=722\">Lue loppuun <span class=\"meta-nav\">&rarr;<\/span><\/a><\/p>\n","protected":false},"author":2,"featured_media":0,"parent":77,"menu_order":3,"comment_status":"closed","ping_status":"closed","template":"sidebar-page.php","meta":{"footnotes":""},"class_list":["post-722","page","type-page","status-publish","hentry"],"_links":{"self":[{"href":"http:\/\/topinmaatilamyymala.fi\/index.php?rest_route=\/wp\/v2\/pages\/722","targetHints":{"allow":["GET"]}}],"collection":[{"href":"http:\/\/topinmaatilamyymala.fi\/index.php?rest_route=\/wp\/v2\/pages"}],"about":[{"href":"http:\/\/topinmaatilamyymala.fi\/index.php?rest_route=\/wp\/v2\/types\/page"}],"author":[{"embeddable":true,"href":"http:\/\/topinmaatilamyymala.fi\/index.php?rest_route=\/wp\/v2\/users\/2"}],"replies":[{"embeddable":true,"href":"http:\/\/topinmaatilamyymala.fi\/index.php?rest_route=%2Fwp%2Fv2%2Fcomments&post=722"}],"version-history":[{"count":25,"href":"http:\/\/topinmaatilamyymala.fi\/index.php?rest_route=\/wp\/v2\/pages\/722\/revisions"}],"predecessor-version":[{"id":1247,"href":"http:\/\/topinmaatilamyymala.fi\/index.php?rest_route=\/wp\/v2\/pages\/722\/revisions\/1247"}],"up":[{"embeddable":true,"href":"http:\/\/topinmaatilamyymala.fi\/index.php?rest_route=\/wp\/v2\/pages\/77"}],"wp:attachment":[{"href":"http:\/\/topinmaatilamyymala.fi\/index.php?rest_route=%2Fwp%2Fv2%2Fmedia&parent=722"}],"curies":[{"name":"wp","href":"https:\/\/api.w.org\/{rel}","templated":true}]}}