{"id":658,"date":"2012-04-29T08:19:31","date_gmt":"2012-04-29T06:19:31","guid":{"rendered":"http:\/\/topinmaatilamyymala.fi\/?page_id=658"},"modified":"2015-01-08T20:49:46","modified_gmt":"2015-01-08T18:49:46","slug":"topin-maatila","status":"publish","type":"page","link":"http:\/\/topinmaatilamyymala.fi\/?page_id=658","title":{"rendered":"TOPIN MAATILA"},"content":{"rendered":"<p>Topin Maatila on erikoistunut luomu marjanviljelyyn, ja erityisesti Pohjolan sinisten herkkumarjojen, <strong>makeiden pensasmustikoiden luomuviljelyyn<\/strong>, jonka parissa tila on tehnyt uraa uurtavaa ty\u00f6t\u00e4 pensasmustikan luonnonmukaisen viljelyn kehitt\u00e4j\u00e4n\u00e4 ja luomu pensasmustikan k\u00e4yt\u00f6n edist\u00e4j\u00e4n\u00e4. Topin Maatilan viljelemiss\u00e4 pensasmustikoissa kyseess\u00e4 on maultaan aivan eri marja kuin ulkomailta tuodut pensasmustikat. Topin Maatilalla on t\u00e4n\u00e4 p\u00e4iv\u00e4n\u00e4 noin 7000 tainta pensasmustikkaa, ja <strong>marjat myyd\u00e4\u00e4n valmiiksi poimittuna p\u00e4\u00e4osin suoraan Topin Maatilamyym\u00e4l\u00e4st\u00e4<\/strong>. Lis\u00e4ksi Topin Maatilan luomu pensasmustikoita voi olla saatavana elokuussa sadonkorjuun aikaan muutamissa Kuopion marketeissa satotasosta riippuen. Torilta Topin Maatilan luomu pensasmustikkaa ei saa.<\/p>\n<p>LUOMU MARJOJA<\/p>\n<p>Lis\u00e4ksi Topin Maatilalla on viljelty pienimuotoisesti luomu mansikkaa ja tyrni\u00e4. Oman tilan tuottamina niit\u00e4 on saatavana satokaudesta riippuen hyvin pieni\u00e4 m\u00e4\u00e4ri\u00e4, koska olemme keskittyneet pensasmustikan luomuviljelyyn. P\u00e4\u00e4osan Topin Maatilamyym\u00e4l\u00e4ss\u00e4 myyt\u00e4vist\u00e4 muista luomu puutarhamarjoista (muista kuin pensasmustikoista) tuottavat yhteisty\u00f6kumppanimme, kokeneimmat pohjois-savolaiset luomumarjatilat.<\/p>\n<p>Luomumarjakauppa on tilan t\u00e4rkeint\u00e4 kauppaa, ja se tuo asiakkaita eri puolilta Suomea pitkienkin matkojen p\u00e4\u00e4st\u00e4. <strong>Jos haluat tilata luomumarjoja, niin tee se hyviss\u00e4 ajoin. <\/strong>Tilaamalla ennakkoon luomu marjat, varmistat niiden saannin. Asiakkaat kutsutaan noutamaan luomu marjatilaukset <strong>tilausj\u00e4rjestyksess\u00e4<\/strong>. Katso <strong>tilausohjeet<\/strong> <a href=\"http:\/\/topinmaatilamyymala.fi\/?page_id=85\"><strong>t\u00e4st\u00e4<\/strong><\/a>.<\/p>\n<p>Tiesitk\u00f6: Topi Laitinen on perustanut marjatilan Muuruvedelle jo vuonna 1991 ja Alatalon luomumarjatila siirtyi heti 1990-luvun alussa luomuun. Ensin vuonna 1991 tila siirtyi siirtym\u00e4vaiheeseen, ja <strong>vuodesta 1994 saakka tilan tuotanto on ollut luonnonmukaista viljely\u00e4 virallisesti<\/strong>. Ensimm\u00e4iset pensasmustikat tilalle istutettiin vuonna 1992. Nyt Alatalon luomumarjatilan toimintaa jatkaa Topin Maatila. Topin Maatilalla on omassa viljelyss\u00e4 n. 3,5 ha ja muut tilan pellot on vuokrattu luomuviljelyyn yhteisty\u00f6kumppanille. Luomu on tilan syd\u00e4mess\u00e4.<\/p>\n<p>Topin Maatila on Topin Maatilamyym\u00e4l\u00e4n yhteydess\u00e4 samassa pihapiiriss\u00e4.<\/p>\n<p><strong>Ilman lupaa tilan pelloille ei saa menn\u00e4.<\/strong> Jos haluat tutustua luomu pensasmustikan viljelyyn, niin siit\u00e4 on sovittava kanssamme etuk\u00e4teen.<\/p>\n","protected":false},"excerpt":{"rendered":"<p>Topin Maatila on erikoistunut luomu marjanviljelyyn, ja erityisesti Pohjolan sinisten herkkumarjojen, makeiden pensasmustikoiden luomuviljelyyn, jonka parissa tila on tehnyt uraa uurtavaa ty\u00f6t\u00e4 pensasmustikan luonnonmukaisen viljelyn kehitt\u00e4j\u00e4n\u00e4 ja luomu pensasmustikan k\u00e4yt\u00f6n edist\u00e4j\u00e4n\u00e4. Topin Maatilan viljelemiss\u00e4 pensasmustikoissa kyseess\u00e4 on maultaan aivan eri &hellip; <a href=\"http:\/\/topinmaatilamyymala.fi\/?page_id=658\">Lue loppuun <span class=\"meta-nav\">&rarr;<\/span><\/a><\/p>\n","protected":false},"author":2,"featured_media":0,"parent":0,"menu_order":9,"comment_status":"closed","ping_status":"closed","template":"sidebar-page.php","meta":{"footnotes":""},"class_list":["post-658","page","type-page","status-publish","hentry"],"_links":{"self":[{"href":"http:\/\/topinmaatilamyymala.fi\/index.php?rest_route=\/wp\/v2\/pages\/658","targetHints":{"allow":["GET"]}}],"collection":[{"href":"http:\/\/topinmaatilamyymala.fi\/index.php?rest_route=\/wp\/v2\/pages"}],"about":[{"href":"http:\/\/topinmaatilamyymala.fi\/index.php?rest_route=\/wp\/v2\/types\/page"}],"author":[{"embeddable":true,"href":"http:\/\/topinmaatilamyymala.fi\/index.php?rest_route=\/wp\/v2\/users\/2"}],"replies":[{"embeddable":true,"href":"http:\/\/topinmaatilamyymala.fi\/index.php?rest_route=%2Fwp%2Fv2%2Fcomments&post=658"}],"version-history":[{"count":11,"href":"http:\/\/topinmaatilamyymala.fi\/index.php?rest_route=\/wp\/v2\/pages\/658\/revisions"}],"predecessor-version":[{"id":1126,"href":"http:\/\/topinmaatilamyymala.fi\/index.php?rest_route=\/wp\/v2\/pages\/658\/revisions\/1126"}],"wp:attachment":[{"href":"http:\/\/topinmaatilamyymala.fi\/index.php?rest_route=%2Fwp%2Fv2%2Fmedia&parent=658"}],"curies":[{"name":"wp","href":"https:\/\/api.w.org\/{rel}","templated":true}]}}