{"id":636,"date":"2012-04-28T21:46:53","date_gmt":"2012-04-28T19:46:53","guid":{"rendered":"http:\/\/topinmaatilamyymala.fi\/?page_id=636"},"modified":"2013-11-02T09:22:50","modified_gmt":"2013-11-02T07:22:50","slug":"herkkulahja","status":"publish","type":"page","link":"http:\/\/topinmaatilamyymala.fi\/?page_id=636","title":{"rendered":"Herkkulahja"},"content":{"rendered":"<p>Topin Maatilamyym\u00e4l\u00e4 on vuosien kokemuksella tehnyt ammattitaidolla valmistettuja, <strong>laadukkaita\u00a0\u00a0\u00a0\u00a0 luomu-, reilun kaupan luomu- ja l\u00e4hiruokatuotteita sis\u00e4lt\u00e4vi\u00e4 herkkulahjoja <\/strong>monille erilaisille\u00a0It\u00e4-Suomessa sijaitseville yhdistyksille ja yrityksille.<\/p>\n<p>Kun haluatte antaa esimerkiksi <strong>henkil\u00f6st\u00f6llenne, asiakkaillenne tai yhteisty\u00f6kumppaneillenne<\/strong> aitoja makuja ja aitoja el\u00e4myksi\u00e4, niin luomu- ja l\u00e4hiruokaherkkutuotteita sis\u00e4lt\u00e4v\u00e4 herkkulahjakori tai -lahjakassi on arvostusta her\u00e4tt\u00e4v\u00e4 valinta. Herkkulahja on helppo antaa, sill\u00e4 kaikkien meid\u00e4n t\u00e4ytyy saada ravintoa ja sy\u00f6d\u00e4, ja ruokalahja on siten monille mieluinen &#8211; turhaa tavaraa moni sen sijaan vieroksuu. Luomun, l\u00e4hiruuan sek\u00e4 luomu reilun kaupan tuotteiden antaminen lahjaksi antaa lahjanantajasta positiivisen kuvan <strong>vastuullisena ja eettisen\u00e4 toimijana<\/strong>.<\/p>\n<p>PYYD\u00c4 TARJOUS<\/p>\n<p>Jos tarvitsette herkkulahjoja, niin ota yhteytt\u00e4. Voitte pyyt\u00e4\u00e4 tuotetarjouksen haluamallanne herkkulahjan summalle mahdollisine tuotetoiveineen tai voitte pyyt\u00e4\u00e4 valmiin Topin Maatilamyym\u00e4l\u00e4n herkkulahjahinnaston, jonka l\u00e4het\u00e4mme s\u00e4hk\u00f6postiinne mielell\u00e4mme. Teemme usein r\u00e4\u00e4t\u00e4l\u00f6ityj\u00e4 ratkaisuja asiakkaamme tarpeisiin sopivaksi. Minimitilausm\u00e4\u00e4r\u00e4\u00e4 ei ole.<\/p>\n<p>TUOTTEITA VOI OSTAA MY\u00d6S MYYM\u00c4L\u00c4ST\u00c4 JA TOPIN NETTIKAUPASTA<\/p>\n<p>Topin Maatilamyym\u00e4l\u00e4st\u00e4 ja Topin Nettikaupasta voi my\u00f6s ostaa suoraan sopivia tuotteita, jos haluatte itse koota oman kokonaisuutesi.<\/p>\n<p>TILAA AJOISSA<\/p>\n<p><strong>Etenkin jos ostatte suuria m\u00e4\u00e4ri\u00e4, niin pyyd\u00e4mme ennakkotilausta<\/strong> <strong>ja varaamaan tilausaikaa 1-4 viikkoa riippuen tuotteiden saatavuudesta ja sesongista. <\/strong>Saatte tilauksestanne tilausvahvistuksen s\u00e4hk\u00f6postiinne.<\/p>\n<p>MYYM\u00c4L\u00c4ST\u00c4 NOUTO TAI TOIMITUS ON AINA SOVITTAVA<\/p>\n<p>Valmiit herkkulahjat ovat vapaasti Topin Maatilamyym\u00e4l\u00e4ss\u00e4. Mahdollisesta toimituksesta asiakkaalle sovitaan tapauskohtaisesti erikseen.Toimituksesta perit\u00e4\u00e4n toimitusmaksu toimitustavasta riippuen. Toimitus- ja maksuehdot ilmoitamme tarjouksessa.<\/p>\n<p><strong>Luomua ja l\u00e4hiruokaa on ilo antaa ja ilo saada!<\/strong><\/p>\n<p>Ota yhteytt\u00e4, ja kysy lis\u00e4\u00e4. L\u00e4het\u00e4mme lis\u00e4tietoa mielell\u00e4mme.<\/p>\n<p>info (at) topinmaatilamyymala.fi<\/p>\n<p>Puh. 050 5366278 Niina Laitinen<\/p>\n<p>&nbsp;<\/p>\n<p>&nbsp;<\/p>\n<p>&nbsp;<\/p>\n","protected":false},"excerpt":{"rendered":"<p>Topin Maatilamyym\u00e4l\u00e4 on vuosien kokemuksella tehnyt ammattitaidolla valmistettuja, laadukkaita\u00a0\u00a0\u00a0\u00a0 luomu-, reilun kaupan luomu- ja l\u00e4hiruokatuotteita sis\u00e4lt\u00e4vi\u00e4 herkkulahjoja monille erilaisille\u00a0It\u00e4-Suomessa sijaitseville yhdistyksille ja yrityksille. Kun haluatte antaa esimerkiksi henkil\u00f6st\u00f6llenne, asiakkaillenne tai yhteisty\u00f6kumppaneillenne aitoja makuja ja aitoja el\u00e4myksi\u00e4, niin luomu- ja l\u00e4hiruokaherkkutuotteita &hellip; <a href=\"http:\/\/topinmaatilamyymala.fi\/?page_id=636\">Lue loppuun <span class=\"meta-nav\">&rarr;<\/span><\/a><\/p>\n","protected":false},"author":2,"featured_media":0,"parent":14,"menu_order":5,"comment_status":"closed","ping_status":"closed","template":"sidebar-page.php","meta":{"footnotes":""},"class_list":["post-636","page","type-page","status-publish","hentry"],"_links":{"self":[{"href":"http:\/\/topinmaatilamyymala.fi\/index.php?rest_route=\/wp\/v2\/pages\/636","targetHints":{"allow":["GET"]}}],"collection":[{"href":"http:\/\/topinmaatilamyymala.fi\/index.php?rest_route=\/wp\/v2\/pages"}],"about":[{"href":"http:\/\/topinmaatilamyymala.fi\/index.php?rest_route=\/wp\/v2\/types\/page"}],"author":[{"embeddable":true,"href":"http:\/\/topinmaatilamyymala.fi\/index.php?rest_route=\/wp\/v2\/users\/2"}],"replies":[{"embeddable":true,"href":"http:\/\/topinmaatilamyymala.fi\/index.php?rest_route=%2Fwp%2Fv2%2Fcomments&post=636"}],"version-history":[{"count":18,"href":"http:\/\/topinmaatilamyymala.fi\/index.php?rest_route=\/wp\/v2\/pages\/636\/revisions"}],"predecessor-version":[{"id":1007,"href":"http:\/\/topinmaatilamyymala.fi\/index.php?rest_route=\/wp\/v2\/pages\/636\/revisions\/1007"}],"up":[{"embeddable":true,"href":"http:\/\/topinmaatilamyymala.fi\/index.php?rest_route=\/wp\/v2\/pages\/14"}],"wp:attachment":[{"href":"http:\/\/topinmaatilamyymala.fi\/index.php?rest_route=%2Fwp%2Fv2%2Fmedia&parent=636"}],"curies":[{"name":"wp","href":"https:\/\/api.w.org\/{rel}","templated":true}]}}