{"id":624,"date":"2012-04-28T21:12:23","date_gmt":"2012-04-28T19:12:23","guid":{"rendered":"http:\/\/topinmaatilamyymala.fi\/?page_id=624"},"modified":"2016-01-06T17:56:39","modified_gmt":"2016-01-06T15:56:39","slug":"lahjakortti","status":"publish","type":"page","link":"http:\/\/topinmaatilamyymala.fi\/?page_id=624","title":{"rendered":"Lahjakortti"},"content":{"rendered":"<p>Topin Maatilamyym\u00e4l\u00e4n <strong>lahjakortti<\/strong> on hyv\u00e4 lahja h\u00e4nelle, jolla on jo kaikkea ja et oikein tied\u00e4 miten muistaisit esimerkiksi merkkip\u00e4iv\u00e4n sankaria tai vaikkapa ansiokasta ty\u00f6ntekij\u00e4\u00e4. Topin Maatilamyym\u00e4l\u00e4n yli 2000 tuotteen valikoimasta jokainen l\u00f6yt\u00e4\u00e4 varmasti mieluista ostettavaa lahjakortilla olipa lahjansaaja luomun, l\u00e4hiruuan, suomalaisten erikoisuuksien, hyvinvointituotteiden tai laadukkaiden lahja- tai k\u00e4ytt\u00f6tavaroiden yst\u00e4v\u00e4.<\/p>\n<p>Topin Maatilamyym\u00e4l\u00e4st\u00e4 voit tilata lahjakortin haluamallesi summalle tai esimerkiksi summalle 20,00 Eur, 35,00 Eur, 50,00 Eur tai 100,00 Eur. Lahjakortti on voimassa 3kk lahjakortin my\u00f6nt\u00e4misest\u00e4. Lahjakortti k\u00e4y maksuv\u00e4lineen\u00e4 kertaostona sek\u00e4 Topin Maatilamyym\u00e4l\u00e4ss\u00e4 ett\u00e4 Topin Nettikaupassa. Lahjakorttia ei voi vaihtaa rahaksi. Lahjakortti luovutetaan myyj\u00e4lle ostohetkell\u00e4 Topin Maatilamyym\u00e4l\u00e4ss\u00e4 ja Topin Nettikaupassa lahjakortin k\u00e4ytt\u00f6 ilmoitetaan tilauksen tilaajatietojen yhteydess\u00e4 lis\u00e4tiedoissa.<\/p>\n<p>Tilaa lahjakortti joko asioidessasi Topin Maatilamyym\u00e4l\u00e4ss\u00e4 tai Topin Hallissa tai\u00a0ota yhteytt\u00e4 s\u00e4hk\u00f6postilla info (at) topinmaatilamyymala.fi.<\/p>\n<p><strong>Ilmoita lahjakorttitilauksessa seuraavat tiedot:<\/strong><\/p>\n<ul>\n<li>Lahjakortin <strong>arvo<\/strong> euroina.<\/li>\n<li>Lahjakortin <strong>saaja<\/strong>.<\/li>\n<li>Lahjakortin <strong>tervehdysteksti<\/strong>, jonka haluat lahjakorttiin onnittelu- tai tervehdystekstiksi.<\/li>\n<li>Lahjakortin <strong>maksajan kaikki yhteystiedot<\/strong>: nimi, katuosoite, postinumero ja -toimipaikka, puhelinnumero sek\u00e4 s\u00e4hk\u00f6postiosoite <strong>sek\u00e4 postitoimituksissa mahdollisti my\u00f6s lahjakortin saajan yhteystiedot.<\/strong><\/li>\n<li>Ilmoita postitoimituksessa lis\u00e4ksi toimitusosoite: l\u00e4hetet\u00e4\u00e4nk\u00f6 lahjakortti maksajalle vai suoraan lahjakortin saajalle.<\/li>\n<li>Lahjakortin <strong>toimitustapa: postitoimitus kirjeen\u00e4 tai myym\u00e4l\u00e4st\u00e4 nouto.<\/strong><\/li>\n<li>Laskutuslis\u00e4 postitoimituksissa on 2,50 eur\/lahjakortti.<\/li>\n<\/ul>\n<p>Jos tilaat lahjakortin s\u00e4hk\u00f6postilla tai Topin Nettikaupassa, niin saat s\u00e4hk\u00f6postiisi ennakkolaskun ja l\u00e4het\u00e4mme lahjakortin sinulle heti, kun maksusuoritus n\u00e4kyy tilill\u00e4mme. Jos ennakkolaskua ei ole maksetttu er\u00e4p\u00e4iv\u00e4\u00e4n menness\u00e4, niin lahjakorttia ei toimiteta.<\/p>\n<p>Jos noudat lahjakortin myym\u00e4l\u00e4st\u00e4, niin lahjakortin voi maksaa joko k\u00e4teisell\u00e4 tai korttimaksuna pankki- tai luottokortilla (VISA, MASTERCARD). K\u00e4teis- ja korttimaksusta ei perit\u00e4 laskutuslis\u00e4\u00e4.<\/p>\n","protected":false},"excerpt":{"rendered":"<p>Topin Maatilamyym\u00e4l\u00e4n lahjakortti on hyv\u00e4 lahja h\u00e4nelle, jolla on jo kaikkea ja et oikein tied\u00e4 miten muistaisit esimerkiksi merkkip\u00e4iv\u00e4n sankaria tai vaikkapa ansiokasta ty\u00f6ntekij\u00e4\u00e4. Topin Maatilamyym\u00e4l\u00e4n yli 2000 tuotteen valikoimasta jokainen l\u00f6yt\u00e4\u00e4 varmasti mieluista ostettavaa lahjakortilla olipa lahjansaaja luomun, l\u00e4hiruuan, &hellip; <a href=\"http:\/\/topinmaatilamyymala.fi\/?page_id=624\">Lue loppuun <span class=\"meta-nav\">&rarr;<\/span><\/a><\/p>\n","protected":false},"author":2,"featured_media":0,"parent":14,"menu_order":5,"comment_status":"closed","ping_status":"closed","template":"sidebar-page.php","meta":{"footnotes":""},"class_list":["post-624","page","type-page","status-publish","hentry"],"_links":{"self":[{"href":"http:\/\/topinmaatilamyymala.fi\/index.php?rest_route=\/wp\/v2\/pages\/624","targetHints":{"allow":["GET"]}}],"collection":[{"href":"http:\/\/topinmaatilamyymala.fi\/index.php?rest_route=\/wp\/v2\/pages"}],"about":[{"href":"http:\/\/topinmaatilamyymala.fi\/index.php?rest_route=\/wp\/v2\/types\/page"}],"author":[{"embeddable":true,"href":"http:\/\/topinmaatilamyymala.fi\/index.php?rest_route=\/wp\/v2\/users\/2"}],"replies":[{"embeddable":true,"href":"http:\/\/topinmaatilamyymala.fi\/index.php?rest_route=%2Fwp%2Fv2%2Fcomments&post=624"}],"version-history":[{"count":15,"href":"http:\/\/topinmaatilamyymala.fi\/index.php?rest_route=\/wp\/v2\/pages\/624\/revisions"}],"predecessor-version":[{"id":1155,"href":"http:\/\/topinmaatilamyymala.fi\/index.php?rest_route=\/wp\/v2\/pages\/624\/revisions\/1155"}],"up":[{"embeddable":true,"href":"http:\/\/topinmaatilamyymala.fi\/index.php?rest_route=\/wp\/v2\/pages\/14"}],"wp:attachment":[{"href":"http:\/\/topinmaatilamyymala.fi\/index.php?rest_route=%2Fwp%2Fv2%2Fmedia&parent=624"}],"curies":[{"name":"wp","href":"https:\/\/api.w.org\/{rel}","templated":true}]}}