{"id":17,"date":"2012-03-01T08:21:32","date_gmt":"2012-03-01T06:21:32","guid":{"rendered":"http:\/\/localhost\/topi\/?page_id=17"},"modified":"2025-07-28T16:16:31","modified_gmt":"2025-07-28T14:16:31","slug":"yhteystiedot","status":"publish","type":"page","link":"http:\/\/topinmaatilamyymala.fi\/?page_id=17","title":{"rendered":"YHTEYSTIEDOT"},"content":{"rendered":"<p>Topin Maatilamyym\u00e4l\u00e4<br \/>\nKaartotie 8<br \/>\n73460 Muuruvesi<\/p>\n<p>Puh. 0400 780575 Topi Laitinen<br \/>\nPuh. 050 5366278 Niina Laitinen<br \/>\ninfo (at) topinmaatilamyymala.fi<\/p>\n<p><strong>Aukioloajat:<\/strong><br \/>\n<strong>MA-TO 10-16.30, PE 10-17, LA 10-14<\/strong><\/p>\n<p>Muina aikoina sopimuksen mukaan.<\/p>\n<p>Talvella tammi-helmikuussa 2026 aukioloajat:<\/p>\n<p>ma suljettu, ti-pe klo 10-16.30 ja la klo 10-14<\/p>\n<p>Tarkista aukioloajat etuk\u00e4teen. Ajantasaiset aukioloajat ja niiden mahdolliset muutokset kerrotaan Topin Maatilamyym\u00e4l\u00e4n facebook sivulla.<\/p>\n<p>https:\/\/www.facebook.com\/topinmaatilamyymala<\/p>\n<p>PAIKOITUSTILAA\u00a0 autoille on sek\u00e4 myym\u00e4l\u00e4n edustalla ett\u00e4 Kaartotien varressa pellollamme tulosuunnassa vasemmalla koivukujan kohdalla.<\/p>\n<p>VIERASVENELAITURI on k\u00e4ytett\u00e4viss\u00e4 Heikkil\u00e4nlahdella asiakkaidemme p\u00e4iv\u00e4k\u00e4ytt\u00f6\u00f6n. Osa paikoista on varattuja, mitk\u00e4 ovat paikkamerkittyj\u00e4 &#8221;VARATTU&#8221; kylteill\u00e4. Vierasvenelaiturissa on AINA v\u00e4hint\u00e4\u00e4n kolme &#8221;VIERAS&#8221; paikkaa vapaana vieraille.<\/p>\n<p><iframe loading=\"lazy\" src=\"http:\/\/maps.google.fi\/maps?f=q&amp;source=s_q&amp;hl=fi&amp;geocode=&amp;q=kaartotie,+muuruvesi&amp;aq=&amp;sll=63.015086,28.215809&amp;sspn=0.00814,0.027595&amp;ie=UTF8&amp;hq=&amp;hnear=Kaartotie&amp;ll=63.015086,28.215809&amp;spn=0.00814,0.027595&amp;t=m&amp;z=13&amp;output=embed\" width=\"425\" height=\"500\" frameborder=\"0\" marginwidth=\"0\" marginheight=\"0\" scrolling=\"no\"><\/iframe><br \/>\n<small><a style=\"color: #0000ff; text-align: left;\" href=\"http:\/\/maps.google.fi\/maps?f=q&amp;source=embed&amp;hl=fi&amp;geocode=&amp;q=kaartotie,+muuruvesi&amp;aq=&amp;sll=63.015086,28.215809&amp;sspn=0.00814,0.027595&amp;ie=UTF8&amp;hq=&amp;hnear=Kaartotie&amp;ll=63.015086,28.215809&amp;spn=0.00814,0.027595&amp;t=m&amp;z=14\">N\u00e4yt\u00e4 suurempi kartta<\/a><\/small><\/p>\n","protected":false},"excerpt":{"rendered":"<p>Topin Maatilamyym\u00e4l\u00e4 Kaartotie 8 73460 Muuruvesi Puh. 0400 780575 Topi Laitinen Puh. 050 5366278 Niina Laitinen info (at) topinmaatilamyymala.fi Aukioloajat: MA-TO 10-16.30, PE 10-17, LA 10-14 Muina aikoina sopimuksen mukaan. Talvella tammi-helmikuussa 2026 aukioloajat: ma suljettu, ti-pe klo 10-16.30 ja &hellip; <a href=\"http:\/\/topinmaatilamyymala.fi\/?page_id=17\">Lue loppuun <span class=\"meta-nav\">&rarr;<\/span><\/a><\/p>\n","protected":false},"author":2,"featured_media":0,"parent":0,"menu_order":5,"comment_status":"closed","ping_status":"closed","template":"sidebar-page.php","meta":{"footnotes":""},"class_list":["post-17","page","type-page","status-publish","hentry"],"_links":{"self":[{"href":"http:\/\/topinmaatilamyymala.fi\/index.php?rest_route=\/wp\/v2\/pages\/17","targetHints":{"allow":["GET"]}}],"collection":[{"href":"http:\/\/topinmaatilamyymala.fi\/index.php?rest_route=\/wp\/v2\/pages"}],"about":[{"href":"http:\/\/topinmaatilamyymala.fi\/index.php?rest_route=\/wp\/v2\/types\/page"}],"author":[{"embeddable":true,"href":"http:\/\/topinmaatilamyymala.fi\/index.php?rest_route=\/wp\/v2\/users\/2"}],"replies":[{"embeddable":true,"href":"http:\/\/topinmaatilamyymala.fi\/index.php?rest_route=%2Fwp%2Fv2%2Fcomments&post=17"}],"version-history":[{"count":75,"href":"http:\/\/topinmaatilamyymala.fi\/index.php?rest_route=\/wp\/v2\/pages\/17\/revisions"}],"predecessor-version":[{"id":1273,"href":"http:\/\/topinmaatilamyymala.fi\/index.php?rest_route=\/wp\/v2\/pages\/17\/revisions\/1273"}],"wp:attachment":[{"href":"http:\/\/topinmaatilamyymala.fi\/index.php?rest_route=%2Fwp%2Fv2%2Fmedia&parent=17"}],"curies":[{"name":"wp","href":"https:\/\/api.w.org\/{rel}","templated":true}]}}