{"id":14,"date":"2012-03-01T08:20:52","date_gmt":"2012-03-01T06:20:52","guid":{"rendered":"http:\/\/localhost\/topi\/?page_id=13"},"modified":"2023-05-30T08:54:35","modified_gmt":"2023-05-30T06:54:35","slug":"tuotteet","status":"publish","type":"page","link":"http:\/\/topinmaatilamyymala.fi\/?page_id=14","title":{"rendered":"TUOTTEET"},"content":{"rendered":"<p>Topin Maatilamyym\u00e4l\u00e4n valikoimasta l\u00f6yd\u00e4t sek\u00e4 pienten valmistajien erikoistuotteita ett\u00e4 maailmanlaajuisesti tunnettujen yritysten luomu-, l\u00e4hiruoka-, reilun kaupan tuotteita ja ekotuotteita.<\/p>\n<p><strong>MONIPUOLINEN YLI 2000 TUOTTEEN LUOMU- JA L\u00c4HIRUOKAVALIKOIMA<\/strong><\/p>\n<p><strong>Luomu-, l\u00e4hiruoka- ja hyvinvointituotevalikoimaamme<\/strong> kuuluu ymp\u00e4ri vuoden mm. seuraavat tuoteryhm\u00e4t:<\/p>\n<ul>\n<li>HEVI: marjat, hedelm\u00e4t, vihannekset, satokauden ja sesongin parhaat kasvikset<\/li>\n<li>VILJATUOTTEET: hiutaleet, jauhot, ryynit, pastat, Jorma-ohra, spelt-tuotteet, riisit<\/li>\n<li>MAITOTUOTTEET: juustot, voi, maidot, jogurtit, ternimaito (pakasteena)<\/li>\n<li>LEIV\u00c4T: hiivatonta ruisleip\u00e4\u00e4 ja gluteenitonta juureen tehty\u00e4 leip\u00e4\u00e4<\/li>\n<li>KASVISRUOKA: pavut, linssit, kasvispihviainekset ja kasvisruokas\u00e4ilykkeet.<\/li>\n<li>LIHATUOTTEET: liha- ja kalas\u00e4ilykkeet, joulukinkku<\/li>\n<li>JUOMAT:\u00a0 kahvit, kaakaot, teet, limonaadit, mehut, smoothiet, alkoholittomat juhlajuomat<\/li>\n<li>MAUSTEET:\u00a0 makeutusaineet, suolat, ruoka\u00f6ljyt, kuivatut yrtit sek\u00e4 muut keitti\u00f6mausteet<\/li>\n<li>HERKUT: p\u00e4hkin\u00e4t, kuivahedelm\u00e4t, makeiset, keksit, suklaat, hillot<\/li>\n<li>SUPERFOOD: goji, raakakaakao, maca, mulperimarja, merilev\u00e4t, siitep\u00f6ly, viherjauheet, kuivatut marjat ja marjajauheet, chia siemenet, proteiinit<\/li>\n<li>ITSEHOITOTUOTTEET: vitamiinit, kivenn\u00e4isaineet, omega3 \u00f6ljyt, entsyymit, probiootit, yrttivalmisteet, rohdokset<\/li>\n<li>GLUTEENITTOMIA luomutuotteita: mm. suklaat, keksit, t\u00e4ysjyv\u00e4riisi, puuroriisi, hirssi, tattari, quinoa, amarantti ja luontaisesti gluteenittomat jauhot sek\u00e4 suomalaisesta lihasta erilaisia\u00a0 gluteenittomia ja laktoosittomia t\u00e4yslihas\u00e4ilykkeit\u00e4.<\/li>\n<\/ul>\n<p><strong>JA ENNAKKOTILAUKSESTA SAA MELKEIN MIT\u00c4 VAAN&#8230;.<\/strong><\/p>\n<p>Ennakkotilauksesta on mahdollista saada laajasta valikoimasta esimerkiksi lis\u00e4\u00e4 luomutuotteita, monia erikoistuotteita sek\u00e4 erikoispakkauskokoja. Esimerkiksi luomu viljoja ja sokeria on tilauksesta saatavana 25kg s\u00e4keiss\u00e4.<\/p>\n<p>Varaathan tilausaikaa riitt\u00e4v\u00e4sti. Riippuen mm. tuotteen saatavuudesta, jakelusta ja sesongista toimitusaika voi vaihdella muutamasta p\u00e4iv\u00e4st\u00e4 kuukauteen. Kysy lis\u00e4\u00e4 meilt\u00e4.<\/p>\n<p><strong>EL\u00c4M\u00c4SS\u00c4 ON MONTA SYYT\u00c4 JUHLAAN &#8211; TILAA TARJOILUIHIN LUOMUA<\/strong><\/p>\n<p>Ennakkotilauksesta voit tilata esimerkiksi my\u00f6s\u00a0 juhliisi maukkaita luomuraaka-aineita &#8211;\u00a0 suosittelemme luomua juhlatarjoiluihin! Kun haluat tarjota tavallista parempaa, niin tilaa ja osta luomua ja l\u00e4hiruokaa! Saat aikaan maistuvia leivonnaisia ja ruokia aidoista raaka-aineista. Ennakkotilauksesta saatavana my\u00f6s luomu valmisruokia. Luomuhyv\u00e4 sopii niin perhejuhliin kuin ammattikeitti\u00f6lle. Luomua on ilo tarjota &#8211; ja my\u00f6s ilo sy\u00f6d\u00e4! Meilt\u00e4 saat my\u00f6s kotimaiset, alkoholittomat juhla- ja kuohujuomat.<\/p>\n<p><strong>TOPIN KAUPPA EI OLE VAIN RUOKAKAUPPA &#8211; &#8221;EIK\u00c4 MIK\u00c4\u00c4N RIHKAMAKAUPPA&#8221;<\/strong><\/p>\n<p>Lis\u00e4ksi l\u00f6yd\u00e4t myym\u00e4l\u00e4st\u00e4mme my\u00f6s <strong>laadukkaita k\u00e4ytt\u00f6- ja lahjatavaroita<\/strong> :<\/p>\n<ul>\n<li>Lahja- ja sisustustavaroita, mm. kauniita suomalaisia tekstiilej\u00e4 kuten kotimaisia pellavapyyhkeit\u00e4, tohveleita, unisukkia, tyynyliinoja, keitti\u00f6pyyhkeit\u00e4, esiliinoja, p\u00f6yt\u00e4liinoja, shaaleja ja villahuopia, mukeja ja muita astioita kotiin ja lahjaksi<\/li>\n<li>Kotimaisia postikortteja, onnittelukortteja sek\u00e4 erilaisia lahjakasseja<\/li>\n<li>K\u00e4sintehtyj\u00e4 suomalaisia kynttil\u00f6it\u00e4<\/li>\n<li>Lapuan Kankurit sisustus- ja kylpytekstiilej\u00e4 pellavasta ja villasta<\/li>\n<li>Ruskovilla-tekstiilej\u00e4 &#8211; aikuisten alusasut, vauvan asut ja hirssiakanatyynyt<\/li>\n<li>Ekopesuaineita koko kodin puhdistukseen<\/li>\n<li>Kylpy- ja saunanautintoihin kasvipohjaiset saippuat ja shampoot ym. kylpytuotteet<\/li>\n<li>Ekokosmetiikkaa puhtaista ja aidoista raaka-aineista ilman el\u00e4inkokeita<\/li>\n<li>Tuliaiset ja matkamuistot Suomesta. Ja paljon muuta kivaa ja tarpeellista!<\/li>\n<\/ul>\n<ul>\n<li><strong>Liikelahjat yrityksille<\/strong> &#8211; valmistamme monien vuosien kokemuksella luomu- ja l\u00e4hiruokaa sis\u00e4lt\u00e4vi\u00e4 <strong><a href=\"http:\/\/topinmaatilamyymala.fi\/?page_id=636\">herkkulahjoja<\/a><\/strong> erilaisiin tarpeisiin. Moni lahjansaaja arvostaa eettist\u00e4 ja herkullista lahjaa. Kysy lis\u00e4\u00e4 ja pyyd\u00e4 tarjous meilt\u00e4.<\/li>\n<\/ul>\n<ul>\n<li><strong>Luomu kahvit ja esittely<\/strong> (ryhmille tilauksesta) ks. kohta <a href=\"http:\/\/topinmaatilamyymala.fi\/?page_id=77\"><strong>Ryhm\u00e4t<\/strong><\/a>.<\/li>\n<\/ul>\n<ul>\n<li><strong>Pensasmustikan taimet<\/strong> ja viljelytarvikkeet kuten katekankaat, lannoitteet ja aitaverkot<\/li>\n<\/ul>\n<ul>\n<li><strong>Vierasvenelaituri<\/strong> Veneilij\u00e4t &#8211; Tahkon vesireitin varrella on oma vierasvenelaiturimme k\u00e4ytett\u00e4viss\u00e4nne. Aisapaikkoja on 16 veneelle\/laivalle suojaisalla Heikkil\u00e4nlahdella. Lis\u00e4ksi p\u00e4\u00e4dyss\u00e4 on 12 m pitk\u00e4 kylkipaikka. Matkaa laiturilta myym\u00e4l\u00e4\u00e4n on n. 500 m.<\/li>\n<\/ul>\n<ul>\n<li><strong>Vuokrattavia venepaikkoja<\/strong> vierasvenelaiturissa suojaisessa Heikkil\u00e4nlahdessa. Mahdollisuus vuokrata oma venepaikka &#8211; suoraan hyville vesille Tahkon vesireitille! Kysy vapaista venepaikoista.<\/li>\n<\/ul>\n","protected":false},"excerpt":{"rendered":"<p>Topin Maatilamyym\u00e4l\u00e4n valikoimasta l\u00f6yd\u00e4t sek\u00e4 pienten valmistajien erikoistuotteita ett\u00e4 maailmanlaajuisesti tunnettujen yritysten luomu-, l\u00e4hiruoka-, reilun kaupan tuotteita ja ekotuotteita. MONIPUOLINEN YLI 2000 TUOTTEEN LUOMU- JA L\u00c4HIRUOKAVALIKOIMA Luomu-, l\u00e4hiruoka- ja hyvinvointituotevalikoimaamme kuuluu ymp\u00e4ri vuoden mm. seuraavat tuoteryhm\u00e4t: HEVI: marjat, hedelm\u00e4t, vihannekset, &hellip; <a href=\"http:\/\/topinmaatilamyymala.fi\/?page_id=14\">Lue loppuun <span class=\"meta-nav\">&rarr;<\/span><\/a><\/p>\n","protected":false},"author":2,"featured_media":0,"parent":0,"menu_order":2,"comment_status":"open","ping_status":"closed","template":"sidebar-page.php","meta":{"footnotes":""},"class_list":["post-14","page","type-page","status-publish","hentry"],"_links":{"self":[{"href":"http:\/\/topinmaatilamyymala.fi\/index.php?rest_route=\/wp\/v2\/pages\/14","targetHints":{"allow":["GET"]}}],"collection":[{"href":"http:\/\/topinmaatilamyymala.fi\/index.php?rest_route=\/wp\/v2\/pages"}],"about":[{"href":"http:\/\/topinmaatilamyymala.fi\/index.php?rest_route=\/wp\/v2\/types\/page"}],"author":[{"embeddable":true,"href":"http:\/\/topinmaatilamyymala.fi\/index.php?rest_route=\/wp\/v2\/users\/2"}],"replies":[{"embeddable":true,"href":"http:\/\/topinmaatilamyymala.fi\/index.php?rest_route=%2Fwp%2Fv2%2Fcomments&post=14"}],"version-history":[{"count":41,"href":"http:\/\/topinmaatilamyymala.fi\/index.php?rest_route=\/wp\/v2\/pages\/14\/revisions"}],"predecessor-version":[{"id":1252,"href":"http:\/\/topinmaatilamyymala.fi\/index.php?rest_route=\/wp\/v2\/pages\/14\/revisions\/1252"}],"wp:attachment":[{"href":"http:\/\/topinmaatilamyymala.fi\/index.php?rest_route=%2Fwp%2Fv2%2Fmedia&parent=14"}],"curies":[{"name":"wp","href":"https:\/\/api.w.org\/{rel}","templated":true}]}}