{"id":125,"date":"2012-03-23T02:36:18","date_gmt":"2012-03-23T00:36:18","guid":{"rendered":"http:\/\/topinmaatilamyymala.fi\/\/?page_id=125"},"modified":"2013-11-02T09:28:10","modified_gmt":"2013-11-02T07:28:10","slug":"valikoima","status":"publish","type":"page","link":"http:\/\/topinmaatilamyymala.fi\/?page_id=125","title":{"rendered":"Laatu"},"content":{"rendered":"<p>&nbsp;<\/p>\n<p>Topin Maatilamyym\u00e4l\u00e4n valikoimasta l\u00f6yd\u00e4t sek\u00e4 pienten valmistajien erikoistuotteita ett\u00e4 maailmanlaajuisesti tunnettujen yritysten luomu-, l\u00e4hiruoka-, reilun kaupan tuotteita ja erilaisia ekotuotteita ja laadukasta k\u00e4ytt\u00f6- ja lahjatavaraa.<\/p>\n<p><strong>TUOTTEIDEN LAATU<\/strong><\/p>\n<p>Valikoimamme tuotteita yhdist\u00e4\u00e4 korkea laatu ja jokaisella tuotteella on alkuper\u00e4, mik\u00e4 on aina selvitett\u00e4viss\u00e4. Myym\u00e4l\u00e4n valikoima el\u00e4\u00e4 vuodenaikojen mukaan ja pyrimme aina suosimaan hankinnoissamme l\u00e4hiluomua ja l\u00e4hituotantoa. Kuitenkaan emme syrji esimerkiksi Reilun kaupan tuotteita tai suomalaisia maakuntien erikoistuotteita, kun tuotteella on korkea laatu. Laatu tarkoittaa meille esimerkiksi tuotteen puhtautta, luonnonmukaisuutta, lis\u00e4aineettomuutta, aitoutta, eettisesti kest\u00e4v\u00e4\u00e4 tuotantoa ja yksinkertaisesti: hyv\u00e4\u00e4 tuotetta.<\/p>\n<p>Myym\u00e4l\u00e4n valikoima\u00a0kehittyy koko ajan. Seuraamme aktiivisesti tuotekehityst\u00e4 ja valitsemme parhaita tuotteita mit\u00e4 Suomesta ja maailmalta saatavana on. Kuuntelemme asiakkaitamme ja otamme mielell\u00e4mme tuote-ehdotuksia vastaan.<\/p>\n<p>Moni asiakas on yll\u00e4ttynyt valikoimastamme. Tule sin\u00e4kin tutustumaan Topin Maatilamyym\u00e4l\u00e4n upeaan valikoimaan!<\/p>\n<p><strong>KULUTTAJANA VOIT VAIKUTTAA MIT\u00c4 TUOTETAAN JA MYYD\u00c4\u00c4N &#8211; VAADI LAATUA<\/strong><\/p>\n<p>Alla olevista aiheista l\u00f6yd\u00e4t <strong>lis\u00e4tietoa<\/strong> mm. seuraavista linkeist\u00e4:<\/p>\n<p><strong>LUOMU<\/strong><\/p>\n<p><a href=\"http:\/\/www.luomu.fi\/\">http:\/\/www.luomu.fi\/<\/a><\/p>\n<p><a href=\"http:\/\/www.luomuliitto.fi\/\">http:\/\/www.luomuliitto.fi\/<\/a><\/p>\n<p><a href=\"http:\/\/www.biodyn.fi\/\">http:\/\/www.biodyn.fi\/<\/a><\/p>\n<p><a href=\"http:\/\/www.savokarjalanluomu.fi\/\">http:\/\/www.savokarjalanluomu.fi\/<\/a><\/p>\n<p><a href=\"http:\/\/ec.europa.eu\/agriculture\/organic\/home_fi\">http:\/\/ec.europa.eu\/agriculture\/organic\/home_fi<\/a><\/p>\n<p><a href=\"http:\/\/www.evira.fi\/portal\/fi\/evira\/asiakokonaisuudet\/luomu\/\">http:\/\/www.evira.fi\/portal\/fi\/evira\/asiakokonaisuudet\/luomu\/<\/a><\/p>\n<p><a href=\"http:\/\/www.ifoam.org\/\">http:\/\/www.ifoam.org\/<\/a><\/p>\n<p><strong>REILU KAUPPA<\/strong><\/p>\n<p><a href=\"http:\/\/www.reilukauppa.fi\/\">http:\/\/www.reilukauppa.fi\/<\/a><\/p>\n<p><a href=\"http:\/\/www.repu.fi\/\">http:\/\/www.repu.fi\/<\/a><\/p>\n<p><a href=\"http:\/\/www.fairtrade.net\/\">http:\/\/www.fairtrade.net\/<\/a><\/p>\n<p><strong>SUOMALAISTA TUOTANTOA<\/strong><\/p>\n<p><a href=\"http:\/\/www.maakuntienparhaat.fi\/\">http:\/\/www.maakuntienparhaat.fi\/<\/a><strong><br \/>\n<\/strong><\/p>\n<p><a href=\"http:\/\/www.aitojamakuja.fi\/\">http:\/\/www.aitojamakuja.fi\/<\/a><\/p>\n<p><a href=\"http:\/\/www.kasvikset.fi\/\">http:\/\/www.kasvikset.fi\/<\/a><\/p>\n<p><a href=\"http:\/\/www.avainlippu.fi\/\">http:\/\/www.avainlippu.fi\/<\/a><\/p>\n<p><a href=\"http:\/\/www.hyvaasuomesta.fi\/\">http:\/\/www.hyvaasuomesta.fi\/<\/a><\/p>\n<p><strong>KEST\u00c4V\u00c4 KEHITYS<\/strong><\/p>\n<p><a href=\"http:\/\/www.gmovapaa.fi\/\">http:\/\/www.gmovapaa.fi<\/a><\/p>\n<p><a href=\"http:\/\/www.ekocentria.fi\/\">http:\/\/www.ekocentria.fi\/<\/a><\/p>\n<p><a href=\"http:\/\/www.kulutus.fi\/\">http:\/\/www.kulutus.fi\/<\/a><\/p>\n<p>&nbsp;<\/p>\n<p>&nbsp;<\/p>\n<p>&nbsp;<\/p>\n<p>&nbsp;<\/p>\n<p>&nbsp;<\/p>\n<p>&nbsp;<\/p>\n","protected":false},"excerpt":{"rendered":"<p>&nbsp; Topin Maatilamyym\u00e4l\u00e4n valikoimasta l\u00f6yd\u00e4t sek\u00e4 pienten valmistajien erikoistuotteita ett\u00e4 maailmanlaajuisesti tunnettujen yritysten luomu-, l\u00e4hiruoka-, reilun kaupan tuotteita ja erilaisia ekotuotteita ja laadukasta k\u00e4ytt\u00f6- ja lahjatavaraa. TUOTTEIDEN LAATU Valikoimamme tuotteita yhdist\u00e4\u00e4 korkea laatu ja jokaisella tuotteella on alkuper\u00e4, mik\u00e4 on &hellip; <a href=\"http:\/\/topinmaatilamyymala.fi\/?page_id=125\">Lue loppuun <span class=\"meta-nav\">&rarr;<\/span><\/a><\/p>\n","protected":false},"author":2,"featured_media":0,"parent":14,"menu_order":0,"comment_status":"closed","ping_status":"closed","template":"sidebar-page.php","meta":{"footnotes":""},"class_list":["post-125","page","type-page","status-publish","hentry"],"_links":{"self":[{"href":"http:\/\/topinmaatilamyymala.fi\/index.php?rest_route=\/wp\/v2\/pages\/125","targetHints":{"allow":["GET"]}}],"collection":[{"href":"http:\/\/topinmaatilamyymala.fi\/index.php?rest_route=\/wp\/v2\/pages"}],"about":[{"href":"http:\/\/topinmaatilamyymala.fi\/index.php?rest_route=\/wp\/v2\/types\/page"}],"author":[{"embeddable":true,"href":"http:\/\/topinmaatilamyymala.fi\/index.php?rest_route=\/wp\/v2\/users\/2"}],"replies":[{"embeddable":true,"href":"http:\/\/topinmaatilamyymala.fi\/index.php?rest_route=%2Fwp%2Fv2%2Fcomments&post=125"}],"version-history":[{"count":30,"href":"http:\/\/topinmaatilamyymala.fi\/index.php?rest_route=\/wp\/v2\/pages\/125\/revisions"}],"predecessor-version":[{"id":1008,"href":"http:\/\/topinmaatilamyymala.fi\/index.php?rest_route=\/wp\/v2\/pages\/125\/revisions\/1008"}],"up":[{"embeddable":true,"href":"http:\/\/topinmaatilamyymala.fi\/index.php?rest_route=\/wp\/v2\/pages\/14"}],"wp:attachment":[{"href":"http:\/\/topinmaatilamyymala.fi\/index.php?rest_route=%2Fwp%2Fv2%2Fmedia&parent=125"}],"curies":[{"name":"wp","href":"https:\/\/api.w.org\/{rel}","templated":true}]}}